{"id":74678,"date":"2019-06-14T11:03:03","date_gmt":"2019-06-14T08:03:03","guid":{"rendered":"https:\/\/nmc.lt\/about-us\/kontaktai\/"},"modified":"2026-05-13T13:23:05","modified_gmt":"2026-05-13T10:23:05","slug":"contacts","status":"publish","type":"page","link":"https:\/\/nmc.lt\/en\/about-the-centre\/contacts\/","title":{"rendered":"Contacts"},"content":{"rendered":"\n<p>Phone: <a href=\"tel:+37063330303\" target=\"_blank\" rel=\"noreferrer noopener\">+370 633 30 303<\/a><\/p>\n\n\n\n<p>E-mail: <a href=\"mailto:info@nmc.lt\" target=\"_blank\" rel=\"noreferrer noopener\">info@nmc.lt<\/a><\/p>\n\n\n\n<h3 class=\"wp-block-heading\">Contacts and opening hours of medical centers<\/h3>\n\n\n\n<h3 class=\"wp-block-heading\"><\/h3>\n\n\n\n<p class=\"has-luminous-vivid-orange-color has-text-color has-luminous-vivid-orange-color has-text-color\"><strong>Northway Vilnius<\/strong><\/p>\n\n\n\n<p>S. \u017dukausko g. 19, Vilnius<\/p>\n\n\n\n<p><strong>Opening hours:<\/strong><br>I-V 07:30 &#8211; 20:30<br>VI 10:00 &#8211; 17:00 <br>VII &#8212;<\/p>\n\n\n\n<p class=\"has-luminous-vivid-orange-color has-text-color has-luminous-vivid-orange-color has-text-color\"><strong>Northway Kaunas<\/strong><\/p>\n\n\n\n<p>Mi\u0161ko g. 25A, Kaunas<\/p>\n\n\n\n<p><strong>Opening hours:<\/strong><br>I-V 08:00 &#8211; 20:00<br>VI 09:00 &#8211; 15:00<br>VII &#8212;<\/p>\n\n\n\n<p class=\"has-luminous-vivid-orange-color has-text-color has-luminous-vivid-orange-color has-text-color\"><strong>Northway Klaip\u0117da<\/strong><\/p>\n\n\n\n<p>Drag\u016bn\u0173 g. 2, Klaip\u0117da <br>Naujoji Uosto g. 9, Klaip\u0117da&nbsp;<\/p>\n\n\n\n<p><strong>Opening hours:<\/strong><br>I-V 08:00 &#8211; 20:00<br>VI 09:00 &#8211; 15:00<br>VII &#8212;<\/p>\n\n\n\n<p class=\"has-luminous-vivid-orange-color has-text-color has-luminous-vivid-orange-color has-text-color\"><strong>Northway Kretinga<\/strong><\/p>\n\n\n\n<p>J. Basanavi\u010diaus g. 80, Kretinga<\/p>\n\n\n\n<p><strong>Opening hours:<\/strong><br>I-V 07:30 &#8211; 20:30<br>VI, VII &#8212;<\/p>\n","protected":false},"excerpt":{"rendered":"<p>Phone: +370 633 30 303 E-mail: info@nmc.lt Contacts and opening hours of medical centers Northway Vilnius S. \u017dukausko g. 19, Vilnius Opening hours:I-V 07:30 &#8211; 20:30VI 10:00 &#8211; 17:00 VII &#8212; Northway Kaunas Mi\u0161ko g. 25A, Kaunas Opening hours:I-V 08:00 &#8211; 20:00VI 09:00 &#8211; 15:00VII &#8212; Northway Klaip\u0117da Drag\u016bn\u0173 g. 2, Klaip\u0117da Naujoji Uosto g. [&hellip;]<\/p>\n","protected":false},"author":28,"featured_media":0,"parent":74359,"menu_order":59,"comment_status":"closed","ping_status":"open","template":"page-contacts.php","meta":{"_acf_changed":false,"footnotes":""},"class_list":["post-74678","page","type-page","status-publish","hentry"],"acf":[],"yoast_head":"<!-- This site is optimized with the Yoast SEO plugin v27.4 - https:\/\/yoast.com\/product\/yoast-seo-wordpress\/ -->\n<title>Contacts - NORTHWAY<\/title>\n<meta name=\"description\" content=\"NORTHWAY Medical Centre in Vilnius: requisites, contacts and opening hours. Telephone number: +370 (5) 2644466; e-mail: info@nmc.lt; address: S. \u017dukausko g. 19, Vilnius. For appointment in Vilnius please use online registration form or contact us by phone.\" \/>\n<meta name=\"robots\" content=\"index, follow, max-snippet:-1, max-image-preview:large, max-video-preview:-1\" \/>\n<link rel=\"canonical\" href=\"https:\/\/nmc.lt\/en\/about-the-centre\/contacts\/\" \/>\n<meta property=\"og:locale\" content=\"en_US\" \/>\n<meta property=\"og:type\" content=\"article\" \/>\n<meta property=\"og:title\" content=\"Contacts - NORTHWAY\" \/>\n<meta property=\"og:description\" content=\"NORTHWAY Medical Centre in Vilnius: requisites, contacts and opening hours. Telephone number: +370 (5) 2644466; e-mail: info@nmc.lt; address: S. \u017dukausko g. 19, Vilnius. For appointment in Vilnius please use online registration form or contact us by phone.\" \/>\n<meta property=\"og:url\" content=\"https:\/\/nmc.lt\/en\/about-the-centre\/contacts\/\" \/>\n<meta property=\"og:site_name\" content=\"NORTHWAY\" \/>\n<meta property=\"article:publisher\" content=\"https:\/\/www.facebook.com\/NorthwayVilnius\/\" \/>\n<meta property=\"article:modified_time\" content=\"2026-05-13T10:23:05+00:00\" \/>\n<meta property=\"og:image\" content=\"https:\/\/nmc.lt\/wp-content\/uploads\/2019\/09\/northway-medicinos-centrai-logo.png\" \/>\n\t<meta property=\"og:image:width\" content=\"300\" \/>\n\t<meta property=\"og:image:height\" content=\"300\" \/>\n\t<meta property=\"og:image:type\" content=\"image\/png\" \/>\n<meta name=\"twitter:card\" content=\"summary_large_image\" \/>\n<meta name=\"twitter:label1\" content=\"Est. reading time\" \/>\n\t<meta name=\"twitter:data1\" content=\"1 minute\" \/>\n<script type=\"application\/ld+json\" class=\"yoast-schema-graph\">{\"@context\":\"https:\\\/\\\/schema.org\",\"@graph\":[{\"@type\":\"WebPage\",\"@id\":\"https:\\\/\\\/nmc.lt\\\/en\\\/about-the-centre\\\/contacts\\\/\",\"url\":\"https:\\\/\\\/nmc.lt\\\/en\\\/about-the-centre\\\/contacts\\\/\",\"name\":\"Contacts - NORTHWAY\",\"isPartOf\":[{\"@id\":\"https:\\\/\\\/nmc.lt\\\/en\\\/#website\\\/\"},{\"@id\":\"https:\\\/\\\/nmc.lt\\\/en\\\/#organization\\\/\"}],\"datePublished\":\"2019-06-14T08:03:03+00:00\",\"dateModified\":\"2026-05-13T10:23:05+00:00\",\"description\":\"NORTHWAY Medical Centre in Vilnius: requisites, contacts and opening hours. Telephone number: +370 (5) 2644466; e-mail: info@nmc.lt; address: S. \u017dukausko g. 19, Vilnius. For appointment in Vilnius please use online registration form or contact us by phone.\",\"breadcrumb\":{\"@id\":\"https:\\\/\\\/nmc.lt\\\/en\\\/about-the-centre\\\/contacts\\\/#breadcrumb\"},\"inLanguage\":\"en-US\",\"potentialAction\":[{\"@type\":\"ReadAction\",\"target\":[\"https:\\\/\\\/nmc.lt\\\/en\\\/about-the-centre\\\/contacts\\\/\"]}]},{\"@type\":\"BreadcrumbList\",\"@id\":\"https:\\\/\\\/nmc.lt\\\/en\\\/about-the-centre\\\/contacts\\\/#breadcrumb\",\"itemListElement\":[{\"@type\":\"ListItem\",\"position\":1,\"name\":\"Home\",\"item\":\"https:\\\/\\\/nmc.lt\\\/en\\\/\"},{\"@type\":\"ListItem\",\"position\":2,\"name\":\"About Northway\",\"item\":\"https:\\\/\\\/nmc.lt\\\/en\\\/about-the-centre\\\/\"},{\"@type\":\"ListItem\",\"position\":3,\"name\":\"Contacts\",\"item\":\"https:\\\/\\\/nmc.lt\\\/en\\\/about-the-centre\\\/contacts\\\/\"}]},{\"@type\":\"WebSite\",\"@id\":\"https:\\\/\\\/nmc.lt\\\/en\\\/#website\",\"url\":\"https:\\\/\\\/nmc.lt\\\/en\\\/\",\"name\":\"NORTHWAY\",\"description\":\"All medical services, research and consultations\",\"publisher\":{\"@id\":\"https:\\\/\\\/nmc.lt\\\/en\\\/#organization\"},\"potentialAction\":[{\"@type\":\"SearchAction\",\"target\":{\"@type\":\"EntryPoint\",\"urlTemplate\":\"https:\\\/\\\/nmc.lt\\\/en\\\/?s={search_term_string}\"},\"query-input\":{\"@type\":\"PropertyValueSpecification\",\"valueRequired\":true,\"valueName\":\"search_term_string\"}}],\"inLanguage\":\"en-US\"},{\"@type\":\"MedicalOrganization\",\"@id\":\"https:\\\/\\\/nmc.lt\\\/#organization\",\"name\":\"NORTHWAY medicinos centrai\",\"url\":\"https:\\\/\\\/nmc.lt\\\/\",\"logo\":{\"@type\":\"ImageObject\",\"inLanguage\":\"en-US\",\"@id\":\"https:\\\/\\\/nmc.lt\\\/en\\\/#\\\/schema\\\/logo\\\/image\\\/\",\"url\":\"https:\\\/\\\/nmc.lt\\\/wp-content\\\/uploads\\\/2019\\\/09\\\/northway-medicinos-centrai-logo.png\",\"contentUrl\":\"https:\\\/\\\/nmc.lt\\\/wp-content\\\/uploads\\\/2019\\\/09\\\/northway-medicinos-centrai-logo.png\",\"width\":300,\"height\":300,\"caption\":\"NORTHWAY medical centre\"},\"sameAs\":[\"https:\\\/\\\/www.facebook.com\\\/NorthwayMedicinosCentrai\\\/\",\"https:\\\/\\\/www.linkedin.com\\\/company\\\/-northway-medicinos-centras\",\"https:\\\/\\\/www.youtube.com\\\/user\\\/NorthwayNMC\",\"https:\\\/\\\/www.instagram.com\\\/northway_medicinos_centrai\\\/\"],\"areaServed\":[\"Vilnius\",\"Kaunas\",\"Klaip\u0117da\",\"Kretinga\"],\"contactPoint\":[{\"@type\":\"ContactPoint\",\"contactType\":\"customer support\",\"telephone\":\"+37063330303\",\"email\":\"info@nmc.lt\",\"availableLanguage\":[\"lt\",\"en\"]}],\"medicalSpecialty\":[\"Cardiology\",\"Dermatology\"],\"mainEntityOfPage\":{\"@type\":\"WebPage\",\"@id\":\"https:\\\/\\\/nmc.lt\\\/en\\\/\"}}]}<\/script>\n<!-- \/ Yoast SEO plugin. -->","yoast_head_json":{"title":"Contacts - NORTHWAY","description":"NORTHWAY Medical Centre in Vilnius: requisites, contacts and opening hours. Telephone number: +370 (5) 2644466; e-mail: info@nmc.lt; address: S. \u017dukausko g. 19, Vilnius. For appointment in Vilnius please use online registration form or contact us by phone.","robots":{"index":"index","follow":"follow","max-snippet":"max-snippet:-1","max-image-preview":"max-image-preview:large","max-video-preview":"max-video-preview:-1"},"canonical":"https:\/\/nmc.lt\/en\/about-the-centre\/contacts\/","og_locale":"en_US","og_type":"article","og_title":"Contacts - NORTHWAY","og_description":"NORTHWAY Medical Centre in Vilnius: requisites, contacts and opening hours. Telephone number: +370 (5) 2644466; e-mail: info@nmc.lt; address: S. \u017dukausko g. 19, Vilnius. For appointment in Vilnius please use online registration form or contact us by phone.","og_url":"https:\/\/nmc.lt\/en\/about-the-centre\/contacts\/","og_site_name":"NORTHWAY","article_publisher":"https:\/\/www.facebook.com\/NorthwayVilnius\/","article_modified_time":"2026-05-13T10:23:05+00:00","og_image":[{"width":300,"height":300,"url":"https:\/\/nmc.lt\/wp-content\/uploads\/2019\/09\/northway-medicinos-centrai-logo.png","type":"image\/png"}],"twitter_card":"summary_large_image","twitter_misc":{"Est. reading time":"1 minute"},"schema":{"@context":"https:\/\/schema.org","@graph":[{"@type":"WebPage","@id":"https:\/\/nmc.lt\/en\/about-the-centre\/contacts\/","url":"https:\/\/nmc.lt\/en\/about-the-centre\/contacts\/","name":"Contacts - NORTHWAY","isPartOf":[{"@id":"https:\/\/nmc.lt\/en\/#website\/"},{"@id":"https:\/\/nmc.lt\/en\/#organization\/"}],"datePublished":"2019-06-14T08:03:03+00:00","dateModified":"2026-05-13T10:23:05+00:00","description":"NORTHWAY Medical Centre in Vilnius: requisites, contacts and opening hours. Telephone number: +370 (5) 2644466; e-mail: info@nmc.lt; address: S. \u017dukausko g. 19, Vilnius. For appointment in Vilnius please use online registration form or contact us by phone.","breadcrumb":{"@id":"https:\/\/nmc.lt\/en\/about-the-centre\/contacts\/#breadcrumb"},"inLanguage":"en-US","potentialAction":[{"@type":"ReadAction","target":["https:\/\/nmc.lt\/en\/about-the-centre\/contacts\/"]}]},{"@type":"BreadcrumbList","@id":"https:\/\/nmc.lt\/en\/about-the-centre\/contacts\/#breadcrumb","itemListElement":[{"@type":"ListItem","position":1,"name":"Home","item":"https:\/\/nmc.lt\/en\/"},{"@type":"ListItem","position":2,"name":"About Northway","item":"https:\/\/nmc.lt\/en\/about-the-centre\/"},{"@type":"ListItem","position":3,"name":"Contacts","item":"https:\/\/nmc.lt\/en\/about-the-centre\/contacts\/"}]},{"@type":"WebSite","@id":"https:\/\/nmc.lt\/en\/#website","url":"https:\/\/nmc.lt\/en\/","name":"NORTHWAY","description":"All medical services, research and consultations","publisher":{"@id":"https:\/\/nmc.lt\/en\/#organization"},"potentialAction":[{"@type":"SearchAction","target":{"@type":"EntryPoint","urlTemplate":"https:\/\/nmc.lt\/en\/?s={search_term_string}"},"query-input":{"@type":"PropertyValueSpecification","valueRequired":true,"valueName":"search_term_string"}}],"inLanguage":"en-US"},{"@type":"MedicalOrganization","@id":"https:\/\/nmc.lt\/#organization","name":"NORTHWAY medicinos centrai","url":"https:\/\/nmc.lt\/","logo":{"@type":"ImageObject","inLanguage":"en-US","@id":"https:\/\/nmc.lt\/en\/#\/schema\/logo\/image\/","url":"https:\/\/nmc.lt\/wp-content\/uploads\/2019\/09\/northway-medicinos-centrai-logo.png","contentUrl":"https:\/\/nmc.lt\/wp-content\/uploads\/2019\/09\/northway-medicinos-centrai-logo.png","width":300,"height":300,"caption":"NORTHWAY medical centre"},"sameAs":["https:\/\/www.facebook.com\/NorthwayMedicinosCentrai\/","https:\/\/www.linkedin.com\/company\/-northway-medicinos-centras","https:\/\/www.youtube.com\/user\/NorthwayNMC","https:\/\/www.instagram.com\/northway_medicinos_centrai\/"],"areaServed":["Vilnius","Kaunas","Klaip\u0117da","Kretinga"],"contactPoint":[{"@type":"ContactPoint","contactType":"customer support","telephone":"+37063330303","email":"info@nmc.lt","availableLanguage":["lt","en"]}],"medicalSpecialty":["Cardiology","Dermatology"],"mainEntityOfPage":{"@type":"WebPage","@id":"https:\/\/nmc.lt\/en\/"}}]}},"_links":{"self":[{"href":"https:\/\/nmc.lt\/en\/wp-json\/wp\/v2\/pages\/74678","targetHints":{"allow":["GET"]}}],"collection":[{"href":"https:\/\/nmc.lt\/en\/wp-json\/wp\/v2\/pages"}],"about":[{"href":"https:\/\/nmc.lt\/en\/wp-json\/wp\/v2\/types\/page"}],"author":[{"embeddable":true,"href":"https:\/\/nmc.lt\/en\/wp-json\/wp\/v2\/users\/28"}],"replies":[{"embeddable":true,"href":"https:\/\/nmc.lt\/en\/wp-json\/wp\/v2\/comments?post=74678"}],"version-history":[{"count":10,"href":"https:\/\/nmc.lt\/en\/wp-json\/wp\/v2\/pages\/74678\/revisions"}],"predecessor-version":[{"id":137167,"href":"https:\/\/nmc.lt\/en\/wp-json\/wp\/v2\/pages\/74678\/revisions\/137167"}],"up":[{"embeddable":true,"href":"https:\/\/nmc.lt\/en\/wp-json\/wp\/v2\/pages\/74359"}],"wp:attachment":[{"href":"https:\/\/nmc.lt\/en\/wp-json\/wp\/v2\/media?parent=74678"}],"curies":[{"name":"wp","href":"https:\/\/api.w.org\/{rel}","templated":true}]}}