{"id":74680,"date":"2019-06-14T11:03:03","date_gmt":"2019-06-14T08:03:03","guid":{"rendered":"https:\/\/nmc.lt\/about-us-ru\/kontaktai\/"},"modified":"2026-05-13T13:23:34","modified_gmt":"2026-05-13T10:23:34","slug":"kontakty","status":"publish","type":"page","link":"https:\/\/nmc.lt\/ru\/o-czentre\/kontakty\/","title":{"rendered":"\u041a\u043e\u043d\u0442\u0430\u043a\u0442\u044b"},"content":{"rendered":"\n<p>\u0422\u0435\u043b. <a href=\"tel:+37063330303\" target=\"_blank\" rel=\"noreferrer noopener\">+370 633 30 303<\/a><\/p>\n\n\n\n<p>\u042d\u043b. \u043f\u043e\u0447\u0442\u0430: <a href=\"mailto:info@nmc.lt\" target=\"_blank\" rel=\"noreferrer noopener\">info@nmc.lt<\/a><\/p>\n\n\n\n<h3 class=\"wp-block-heading\">\u041a\u043e\u043d\u0442\u0430\u043a\u0442\u044b \u0438 \u0432\u0440\u0435\u043c\u044f \u0440\u0430\u0431\u043e\u0442\u044b \u043c\u0435\u0434\u0438\u0446\u0438\u043d\u0441\u043a\u0438\u0445 \u0446\u0435\u043d\u0442\u0440\u043e\u0432<\/h3>\n\n\n\n<p class=\"has-luminous-vivid-orange-color has-text-color\"><strong>Northway Vilnius<\/strong><\/p>\n\n\n\n<p>S. \u017dukausko g. 19, Vilnius<\/p>\n\n\n\n<p><strong><strong>\u0427\u0430\u0441\u044b \u0440\u0430\u0431\u043e\u0442\u044b:<\/strong><\/strong><br>I-V 07:30 &#8212; 20:30<br>VI 10:00 &#8212; 17:00 <br>VII &#8212;<\/p>\n\n\n\n<p class=\"has-luminous-vivid-orange-color has-text-color\"><strong>Northway Kaunas<\/strong><\/p>\n\n\n\n<p>Mi\u0161ko g. 25A, Kaunas<\/p>\n\n\n\n<p><strong><strong>\u0427\u0430\u0441\u044b \u0440\u0430\u0431\u043e\u0442\u044b:<\/strong><\/strong><br>I-V 08:00 &#8212; 20:00<br>VI 09:00 &#8212; 15:00 <br>VII &#8212;<\/p>\n\n\n\n<p class=\"has-luminous-vivid-orange-color has-text-color\"><strong>Northway Klaip\u0117da<\/strong><\/p>\n\n\n\n<p>Drag\u016bn\u0173 g. 2, Klaip\u0117da <br>Naujoji Uosto g. 9, Klaip\u0117da&nbsp;<\/p>\n\n\n\n<p><strong><strong>\u0427\u0430\u0441\u044b \u0440\u0430\u0431\u043e\u0442\u044b:<\/strong><\/strong><br>I-V 08:00 &#8212; 20:00<br>VI 09:00 &#8212; 15:00<br>VII &#8212;<\/p>\n\n\n\n<p class=\"has-luminous-vivid-orange-color has-text-color\"><strong>Northway Kretinga<\/strong><\/p>\n\n\n\n<p>J.Basanavi\u010diaus g. 80, Kretinga<\/p>\n\n\n\n<p><strong>\u0427\u0430\u0441\u044b \u0440\u0430\u0431\u043e\u0442\u044b:<\/strong><br>I-V 07:30 &#8212; 20:30<br>VI, VII &#8212;<\/p>\n","protected":false},"excerpt":{"rendered":"<p>\u0422\u0435\u043b. +370 633 30 303 \u042d\u043b. \u043f\u043e\u0447\u0442\u0430: info@nmc.lt \u041a\u043e\u043d\u0442\u0430\u043a\u0442\u044b \u0438 \u0432\u0440\u0435\u043c\u044f \u0440\u0430\u0431\u043e\u0442\u044b \u043c\u0435\u0434\u0438\u0446\u0438\u043d\u0441\u043a\u0438\u0445 \u0446\u0435\u043d\u0442\u0440\u043e\u0432 Northway Vilnius S. \u017dukausko g. 19, Vilnius \u0427\u0430\u0441\u044b \u0440\u0430\u0431\u043e\u0442\u044b:I-V 07:30 &#8212; 20:30VI 10:00 &#8212; 17:00 VII &#8212; Northway Kaunas Mi\u0161ko g. 25A, Kaunas \u0427\u0430\u0441\u044b \u0440\u0430\u0431\u043e\u0442\u044b:I-V 08:00 &#8212; 20:00VI 09:00 &#8212; 15:00 VII &#8212; Northway Klaip\u0117da Drag\u016bn\u0173 g. 2, Klaip\u0117da Naujoji Uosto [&hellip;]<\/p>\n","protected":false},"author":28,"featured_media":0,"parent":74361,"menu_order":59,"comment_status":"closed","ping_status":"open","template":"page-contacts.php","meta":{"_acf_changed":false,"footnotes":""},"class_list":["post-74680","page","type-page","status-publish","hentry"],"acf":[],"yoast_head":"<!-- This site is optimized with the Yoast SEO plugin v27.4 - https:\/\/yoast.com\/product\/yoast-seo-wordpress\/ -->\n<title>\u041a\u043e\u043d\u0442\u0430\u043a\u0442\u044b - NORTHWAY<\/title>\n<meta name=\"description\" content=\"\u0420\u0435\u043a\u0432\u0438\u0437\u0438\u0442\u044b, \u043a\u043e\u043d\u0442\u0430\u043a\u0442\u044b \u0438 \u0447\u0430\u0441\u044b \u0440\u0430\u0431\u043e\u0442\u044b \u043c\u0435\u0434\u0438\u0446\u0438\u043d\u0441\u043a\u043e\u0433\u043e \u0446\u0435\u043d\u0442\u0440\u0430 NORTHWAY . \u0422\u0435\u043b\u0435\u0444\u043e\u043d: +370 633 30 303, \u042d\u043b. \u043f\u043e\u0447\u0442\u0430: info@nmc.lt; \u0412\u044b \u043c\u043e\u0436\u0435\u0442\u0435 \u0437\u0430\u0440\u0435\u0433\u0438\u0441\u0442\u0440\u0438\u0440\u043e\u0432\u0430\u0442\u044c\u0441\u044f \u043f\u043e \u0442\u0435\u043b\u0435\u0444\u043e\u043d\u0443 \u0438\u043b\u0438 \u0437\u0430\u043f\u043e\u043b\u043d\u0438\u0442\u044c \u0440\u0435\u0433\u0438\u0441\u0442\u0440\u0430\u0446\u0438\u043e\u043d\u043d\u0443\u044e \u0444\u043e\u0440\u043c\u0443 \u043e\u043d\u043b\u0430\u0439\u043d.\" \/>\n<meta name=\"robots\" content=\"index, follow, max-snippet:-1, max-image-preview:large, max-video-preview:-1\" \/>\n<link rel=\"canonical\" href=\"https:\/\/nmc.lt\/ru\/o-czentre\/kontakty\/\" \/>\n<meta property=\"og:locale\" content=\"ru_RU\" \/>\n<meta property=\"og:type\" content=\"article\" \/>\n<meta property=\"og:title\" content=\"\u041a\u043e\u043d\u0442\u0430\u043a\u0442\u044b - NORTHWAY\" \/>\n<meta property=\"og:description\" content=\"\u0420\u0435\u043a\u0432\u0438\u0437\u0438\u0442\u044b, \u043a\u043e\u043d\u0442\u0430\u043a\u0442\u044b \u0438 \u0447\u0430\u0441\u044b \u0440\u0430\u0431\u043e\u0442\u044b \u043c\u0435\u0434\u0438\u0446\u0438\u043d\u0441\u043a\u043e\u0433\u043e \u0446\u0435\u043d\u0442\u0440\u0430 NORTHWAY . \u0422\u0435\u043b\u0435\u0444\u043e\u043d: +370 633 30 303, \u042d\u043b. \u043f\u043e\u0447\u0442\u0430: info@nmc.lt; \u0412\u044b \u043c\u043e\u0436\u0435\u0442\u0435 \u0437\u0430\u0440\u0435\u0433\u0438\u0441\u0442\u0440\u0438\u0440\u043e\u0432\u0430\u0442\u044c\u0441\u044f \u043f\u043e \u0442\u0435\u043b\u0435\u0444\u043e\u043d\u0443 \u0438\u043b\u0438 \u0437\u0430\u043f\u043e\u043b\u043d\u0438\u0442\u044c \u0440\u0435\u0433\u0438\u0441\u0442\u0440\u0430\u0446\u0438\u043e\u043d\u043d\u0443\u044e \u0444\u043e\u0440\u043c\u0443 \u043e\u043d\u043b\u0430\u0439\u043d.\" \/>\n<meta property=\"og:url\" content=\"https:\/\/nmc.lt\/ru\/o-czentre\/kontakty\/\" \/>\n<meta property=\"og:site_name\" content=\"NORTHWAY\" \/>\n<meta property=\"article:publisher\" content=\"https:\/\/www.facebook.com\/NorthwayVilnius\/\" \/>\n<meta property=\"article:modified_time\" content=\"2026-05-13T10:23:34+00:00\" \/>\n<meta property=\"og:image\" content=\"https:\/\/nmc.lt\/wp-content\/uploads\/2019\/09\/northway-medicinos-centrai-logo.png\" \/>\n\t<meta property=\"og:image:width\" content=\"300\" \/>\n\t<meta property=\"og:image:height\" content=\"300\" \/>\n\t<meta property=\"og:image:type\" content=\"image\/png\" \/>\n<meta name=\"twitter:card\" content=\"summary_large_image\" \/>\n<meta name=\"twitter:label1\" content=\"\u041f\u0440\u0438\u043c\u0435\u0440\u043d\u043e\u0435 \u0432\u0440\u0435\u043c\u044f \u0434\u043b\u044f \u0447\u0442\u0435\u043d\u0438\u044f\" \/>\n\t<meta name=\"twitter:data1\" content=\"1 \u043c\u0438\u043d\u0443\u0442\u0430\" \/>\n<script type=\"application\/ld+json\" class=\"yoast-schema-graph\">{\"@context\":\"https:\\\/\\\/schema.org\",\"@graph\":[{\"@type\":\"WebPage\",\"@id\":\"https:\\\/\\\/nmc.lt\\\/ru\\\/o-czentre\\\/kontakty\\\/\",\"url\":\"https:\\\/\\\/nmc.lt\\\/ru\\\/o-czentre\\\/kontakty\\\/\",\"name\":\"\u041a\u043e\u043d\u0442\u0430\u043a\u0442\u044b - NORTHWAY\",\"isPartOf\":[{\"@id\":\"https:\\\/\\\/nmc.lt\\\/ru\\\/#website\\\/\"},{\"@id\":\"https:\\\/\\\/nmc.lt\\\/ru\\\/#organization\\\/\"}],\"datePublished\":\"2019-06-14T08:03:03+00:00\",\"dateModified\":\"2026-05-13T10:23:34+00:00\",\"description\":\"\u0420\u0435\u043a\u0432\u0438\u0437\u0438\u0442\u044b, \u043a\u043e\u043d\u0442\u0430\u043a\u0442\u044b \u0438 \u0447\u0430\u0441\u044b \u0440\u0430\u0431\u043e\u0442\u044b \u043c\u0435\u0434\u0438\u0446\u0438\u043d\u0441\u043a\u043e\u0433\u043e \u0446\u0435\u043d\u0442\u0440\u0430 NORTHWAY . \u0422\u0435\u043b\u0435\u0444\u043e\u043d: +370 633 30 303, \u042d\u043b. \u043f\u043e\u0447\u0442\u0430: info@nmc.lt; \u0412\u044b \u043c\u043e\u0436\u0435\u0442\u0435 \u0437\u0430\u0440\u0435\u0433\u0438\u0441\u0442\u0440\u0438\u0440\u043e\u0432\u0430\u0442\u044c\u0441\u044f \u043f\u043e \u0442\u0435\u043b\u0435\u0444\u043e\u043d\u0443 \u0438\u043b\u0438 \u0437\u0430\u043f\u043e\u043b\u043d\u0438\u0442\u044c \u0440\u0435\u0433\u0438\u0441\u0442\u0440\u0430\u0446\u0438\u043e\u043d\u043d\u0443\u044e \u0444\u043e\u0440\u043c\u0443 \u043e\u043d\u043b\u0430\u0439\u043d.\",\"breadcrumb\":{\"@id\":\"https:\\\/\\\/nmc.lt\\\/ru\\\/o-czentre\\\/kontakty\\\/#breadcrumb\"},\"inLanguage\":\"ru-RU\",\"potentialAction\":[{\"@type\":\"ReadAction\",\"target\":[\"https:\\\/\\\/nmc.lt\\\/ru\\\/o-czentre\\\/kontakty\\\/\"]}]},{\"@type\":\"BreadcrumbList\",\"@id\":\"https:\\\/\\\/nmc.lt\\\/ru\\\/o-czentre\\\/kontakty\\\/#breadcrumb\",\"itemListElement\":[{\"@type\":\"ListItem\",\"position\":1,\"name\":\"\u0413\u043b\u0430\u0432\u043d\u0430\u044f\",\"item\":\"https:\\\/\\\/nmc.lt\\\/ru\\\/\"},{\"@type\":\"ListItem\",\"position\":2,\"name\":\"\u041e Northway\",\"item\":\"https:\\\/\\\/nmc.lt\\\/ru\\\/o-czentre\\\/\"},{\"@type\":\"ListItem\",\"position\":3,\"name\":\"\u041a\u043e\u043d\u0442\u0430\u043a\u0442\u044b\",\"item\":\"https:\\\/\\\/nmc.lt\\\/ru\\\/o-czentre\\\/kontakty\\\/\"}]},{\"@type\":\"WebSite\",\"@id\":\"https:\\\/\\\/nmc.lt\\\/ru\\\/#website\",\"url\":\"https:\\\/\\\/nmc.lt\\\/ru\\\/\",\"name\":\"NORTHWAY\",\"description\":\"\u0412\u0441\u0435 \u043c\u0435\u0434\u0438\u0446\u0438\u043d\u0441\u043a\u0438\u0435 \u0443\u0441\u043b\u0443\u0433\u0438, \u0438\u0441\u0441\u043b\u0435\u0434\u043e\u0432\u0430\u043d\u0438\u044f \u0438 \u043a\u043e\u043d\u0441\u0443\u043b\u044c\u0442\u0430\u0446\u0438\u0438\",\"publisher\":{\"@id\":\"https:\\\/\\\/nmc.lt\\\/ru\\\/#organization\"},\"potentialAction\":[{\"@type\":\"SearchAction\",\"target\":{\"@type\":\"EntryPoint\",\"urlTemplate\":\"https:\\\/\\\/nmc.lt\\\/ru\\\/?s={search_term_string}\"},\"query-input\":{\"@type\":\"PropertyValueSpecification\",\"valueRequired\":true,\"valueName\":\"search_term_string\"}}],\"inLanguage\":\"ru-RU\"},{\"@type\":\"MedicalOrganization\",\"@id\":\"https:\\\/\\\/nmc.lt\\\/#organization\",\"name\":\"NORTHWAY medicinos centrai\",\"url\":\"https:\\\/\\\/nmc.lt\\\/\",\"logo\":{\"@type\":\"ImageObject\",\"inLanguage\":\"ru-RU\",\"@id\":\"https:\\\/\\\/nmc.lt\\\/ru\\\/#\\\/schema\\\/logo\\\/image\\\/\",\"url\":\"https:\\\/\\\/nmc.lt\\\/wp-content\\\/uploads\\\/2019\\\/09\\\/northway-medicinos-centrai-logo.png\",\"contentUrl\":\"https:\\\/\\\/nmc.lt\\\/wp-content\\\/uploads\\\/2019\\\/09\\\/northway-medicinos-centrai-logo.png\",\"width\":300,\"height\":300,\"caption\":\"NORTHWAY \u043c\u0435\u0434\u0438\u0446\u0438\u043d\u0441\u043a\u0438\u0439 \u0446\u0435\u043d\u0442\u0440\"},\"sameAs\":[\"https:\\\/\\\/www.facebook.com\\\/NorthwayMedicinosCentrai\\\/\",\"https:\\\/\\\/www.linkedin.com\\\/company\\\/-northway-medicinos-centras\",\"https:\\\/\\\/www.youtube.com\\\/user\\\/NorthwayNMC\",\"https:\\\/\\\/www.instagram.com\\\/northway_medicinos_centrai\\\/\"],\"areaServed\":[\"Vilnius\",\"Kaunas\",\"Klaip\u0117da\",\"Kretinga\"],\"contactPoint\":[{\"@type\":\"ContactPoint\",\"contactType\":\"customer support\",\"telephone\":\"+37063330303\",\"email\":\"info@nmc.lt\",\"availableLanguage\":[\"lt\",\"en\"]}],\"medicalSpecialty\":[\"Cardiology\",\"Dermatology\"],\"mainEntityOfPage\":{\"@type\":\"WebPage\",\"@id\":\"https:\\\/\\\/nmc.lt\\\/ru\\\/\"}}]}<\/script>\n<!-- \/ Yoast SEO plugin. -->","yoast_head_json":{"title":"\u041a\u043e\u043d\u0442\u0430\u043a\u0442\u044b - NORTHWAY","description":"\u0420\u0435\u043a\u0432\u0438\u0437\u0438\u0442\u044b, \u043a\u043e\u043d\u0442\u0430\u043a\u0442\u044b \u0438 \u0447\u0430\u0441\u044b \u0440\u0430\u0431\u043e\u0442\u044b \u043c\u0435\u0434\u0438\u0446\u0438\u043d\u0441\u043a\u043e\u0433\u043e \u0446\u0435\u043d\u0442\u0440\u0430 NORTHWAY . \u0422\u0435\u043b\u0435\u0444\u043e\u043d: +370 633 30 303, \u042d\u043b. \u043f\u043e\u0447\u0442\u0430: info@nmc.lt; \u0412\u044b \u043c\u043e\u0436\u0435\u0442\u0435 \u0437\u0430\u0440\u0435\u0433\u0438\u0441\u0442\u0440\u0438\u0440\u043e\u0432\u0430\u0442\u044c\u0441\u044f \u043f\u043e \u0442\u0435\u043b\u0435\u0444\u043e\u043d\u0443 \u0438\u043b\u0438 \u0437\u0430\u043f\u043e\u043b\u043d\u0438\u0442\u044c \u0440\u0435\u0433\u0438\u0441\u0442\u0440\u0430\u0446\u0438\u043e\u043d\u043d\u0443\u044e \u0444\u043e\u0440\u043c\u0443 \u043e\u043d\u043b\u0430\u0439\u043d.","robots":{"index":"index","follow":"follow","max-snippet":"max-snippet:-1","max-image-preview":"max-image-preview:large","max-video-preview":"max-video-preview:-1"},"canonical":"https:\/\/nmc.lt\/ru\/o-czentre\/kontakty\/","og_locale":"ru_RU","og_type":"article","og_title":"\u041a\u043e\u043d\u0442\u0430\u043a\u0442\u044b - NORTHWAY","og_description":"\u0420\u0435\u043a\u0432\u0438\u0437\u0438\u0442\u044b, \u043a\u043e\u043d\u0442\u0430\u043a\u0442\u044b \u0438 \u0447\u0430\u0441\u044b \u0440\u0430\u0431\u043e\u0442\u044b \u043c\u0435\u0434\u0438\u0446\u0438\u043d\u0441\u043a\u043e\u0433\u043e \u0446\u0435\u043d\u0442\u0440\u0430 NORTHWAY . \u0422\u0435\u043b\u0435\u0444\u043e\u043d: +370 633 30 303, \u042d\u043b. \u043f\u043e\u0447\u0442\u0430: info@nmc.lt; \u0412\u044b \u043c\u043e\u0436\u0435\u0442\u0435 \u0437\u0430\u0440\u0435\u0433\u0438\u0441\u0442\u0440\u0438\u0440\u043e\u0432\u0430\u0442\u044c\u0441\u044f \u043f\u043e \u0442\u0435\u043b\u0435\u0444\u043e\u043d\u0443 \u0438\u043b\u0438 \u0437\u0430\u043f\u043e\u043b\u043d\u0438\u0442\u044c \u0440\u0435\u0433\u0438\u0441\u0442\u0440\u0430\u0446\u0438\u043e\u043d\u043d\u0443\u044e \u0444\u043e\u0440\u043c\u0443 \u043e\u043d\u043b\u0430\u0439\u043d.","og_url":"https:\/\/nmc.lt\/ru\/o-czentre\/kontakty\/","og_site_name":"NORTHWAY","article_publisher":"https:\/\/www.facebook.com\/NorthwayVilnius\/","article_modified_time":"2026-05-13T10:23:34+00:00","og_image":[{"width":300,"height":300,"url":"https:\/\/nmc.lt\/wp-content\/uploads\/2019\/09\/northway-medicinos-centrai-logo.png","type":"image\/png"}],"twitter_card":"summary_large_image","twitter_misc":{"\u041f\u0440\u0438\u043c\u0435\u0440\u043d\u043e\u0435 \u0432\u0440\u0435\u043c\u044f \u0434\u043b\u044f \u0447\u0442\u0435\u043d\u0438\u044f":"1 \u043c\u0438\u043d\u0443\u0442\u0430"},"schema":{"@context":"https:\/\/schema.org","@graph":[{"@type":"WebPage","@id":"https:\/\/nmc.lt\/ru\/o-czentre\/kontakty\/","url":"https:\/\/nmc.lt\/ru\/o-czentre\/kontakty\/","name":"\u041a\u043e\u043d\u0442\u0430\u043a\u0442\u044b - NORTHWAY","isPartOf":[{"@id":"https:\/\/nmc.lt\/ru\/#website\/"},{"@id":"https:\/\/nmc.lt\/ru\/#organization\/"}],"datePublished":"2019-06-14T08:03:03+00:00","dateModified":"2026-05-13T10:23:34+00:00","description":"\u0420\u0435\u043a\u0432\u0438\u0437\u0438\u0442\u044b, \u043a\u043e\u043d\u0442\u0430\u043a\u0442\u044b \u0438 \u0447\u0430\u0441\u044b \u0440\u0430\u0431\u043e\u0442\u044b \u043c\u0435\u0434\u0438\u0446\u0438\u043d\u0441\u043a\u043e\u0433\u043e \u0446\u0435\u043d\u0442\u0440\u0430 NORTHWAY . \u0422\u0435\u043b\u0435\u0444\u043e\u043d: +370 633 30 303, \u042d\u043b. \u043f\u043e\u0447\u0442\u0430: info@nmc.lt; \u0412\u044b \u043c\u043e\u0436\u0435\u0442\u0435 \u0437\u0430\u0440\u0435\u0433\u0438\u0441\u0442\u0440\u0438\u0440\u043e\u0432\u0430\u0442\u044c\u0441\u044f \u043f\u043e \u0442\u0435\u043b\u0435\u0444\u043e\u043d\u0443 \u0438\u043b\u0438 \u0437\u0430\u043f\u043e\u043b\u043d\u0438\u0442\u044c \u0440\u0435\u0433\u0438\u0441\u0442\u0440\u0430\u0446\u0438\u043e\u043d\u043d\u0443\u044e \u0444\u043e\u0440\u043c\u0443 \u043e\u043d\u043b\u0430\u0439\u043d.","breadcrumb":{"@id":"https:\/\/nmc.lt\/ru\/o-czentre\/kontakty\/#breadcrumb"},"inLanguage":"ru-RU","potentialAction":[{"@type":"ReadAction","target":["https:\/\/nmc.lt\/ru\/o-czentre\/kontakty\/"]}]},{"@type":"BreadcrumbList","@id":"https:\/\/nmc.lt\/ru\/o-czentre\/kontakty\/#breadcrumb","itemListElement":[{"@type":"ListItem","position":1,"name":"\u0413\u043b\u0430\u0432\u043d\u0430\u044f","item":"https:\/\/nmc.lt\/ru\/"},{"@type":"ListItem","position":2,"name":"\u041e Northway","item":"https:\/\/nmc.lt\/ru\/o-czentre\/"},{"@type":"ListItem","position":3,"name":"\u041a\u043e\u043d\u0442\u0430\u043a\u0442\u044b","item":"https:\/\/nmc.lt\/ru\/o-czentre\/kontakty\/"}]},{"@type":"WebSite","@id":"https:\/\/nmc.lt\/ru\/#website","url":"https:\/\/nmc.lt\/ru\/","name":"NORTHWAY","description":"\u0412\u0441\u0435 \u043c\u0435\u0434\u0438\u0446\u0438\u043d\u0441\u043a\u0438\u0435 \u0443\u0441\u043b\u0443\u0433\u0438, \u0438\u0441\u0441\u043b\u0435\u0434\u043e\u0432\u0430\u043d\u0438\u044f \u0438 \u043a\u043e\u043d\u0441\u0443\u043b\u044c\u0442\u0430\u0446\u0438\u0438","publisher":{"@id":"https:\/\/nmc.lt\/ru\/#organization"},"potentialAction":[{"@type":"SearchAction","target":{"@type":"EntryPoint","urlTemplate":"https:\/\/nmc.lt\/ru\/?s={search_term_string}"},"query-input":{"@type":"PropertyValueSpecification","valueRequired":true,"valueName":"search_term_string"}}],"inLanguage":"ru-RU"},{"@type":"MedicalOrganization","@id":"https:\/\/nmc.lt\/#organization","name":"NORTHWAY medicinos centrai","url":"https:\/\/nmc.lt\/","logo":{"@type":"ImageObject","inLanguage":"ru-RU","@id":"https:\/\/nmc.lt\/ru\/#\/schema\/logo\/image\/","url":"https:\/\/nmc.lt\/wp-content\/uploads\/2019\/09\/northway-medicinos-centrai-logo.png","contentUrl":"https:\/\/nmc.lt\/wp-content\/uploads\/2019\/09\/northway-medicinos-centrai-logo.png","width":300,"height":300,"caption":"NORTHWAY \u043c\u0435\u0434\u0438\u0446\u0438\u043d\u0441\u043a\u0438\u0439 \u0446\u0435\u043d\u0442\u0440"},"sameAs":["https:\/\/www.facebook.com\/NorthwayMedicinosCentrai\/","https:\/\/www.linkedin.com\/company\/-northway-medicinos-centras","https:\/\/www.youtube.com\/user\/NorthwayNMC","https:\/\/www.instagram.com\/northway_medicinos_centrai\/"],"areaServed":["Vilnius","Kaunas","Klaip\u0117da","Kretinga"],"contactPoint":[{"@type":"ContactPoint","contactType":"customer support","telephone":"+37063330303","email":"info@nmc.lt","availableLanguage":["lt","en"]}],"medicalSpecialty":["Cardiology","Dermatology"],"mainEntityOfPage":{"@type":"WebPage","@id":"https:\/\/nmc.lt\/ru\/"}}]}},"_links":{"self":[{"href":"https:\/\/nmc.lt\/ru\/wp-json\/wp\/v2\/pages\/74680","targetHints":{"allow":["GET"]}}],"collection":[{"href":"https:\/\/nmc.lt\/ru\/wp-json\/wp\/v2\/pages"}],"about":[{"href":"https:\/\/nmc.lt\/ru\/wp-json\/wp\/v2\/types\/page"}],"author":[{"embeddable":true,"href":"https:\/\/nmc.lt\/ru\/wp-json\/wp\/v2\/users\/28"}],"replies":[{"embeddable":true,"href":"https:\/\/nmc.lt\/ru\/wp-json\/wp\/v2\/comments?post=74680"}],"version-history":[{"count":11,"href":"https:\/\/nmc.lt\/ru\/wp-json\/wp\/v2\/pages\/74680\/revisions"}],"predecessor-version":[{"id":137168,"href":"https:\/\/nmc.lt\/ru\/wp-json\/wp\/v2\/pages\/74680\/revisions\/137168"}],"up":[{"embeddable":true,"href":"https:\/\/nmc.lt\/ru\/wp-json\/wp\/v2\/pages\/74361"}],"wp:attachment":[{"href":"https:\/\/nmc.lt\/ru\/wp-json\/wp\/v2\/media?parent=74680"}],"curies":[{"name":"wp","href":"https:\/\/api.w.org\/{rel}","templated":true}]}}